{"id":1589,"date":"2024-06-23T20:42:41","date_gmt":"2024-06-23T23:42:41","guid":{"rendered":"https:\/\/koltsocial.xyz\/?page_id=1589"},"modified":"2025-03-26T19:02:50","modified_gmt":"2025-03-26T22:02:50","slug":"agencia-de-marketing-digital","status":"publish","type":"page","link":"https:\/\/koltsocial.xyz\/en\/agencia-de-marketing-digital\/","title":{"rendered":"Digital marketing agency"},"content":{"rendered":"<div class=\"gb-container gb-container-29760611 alignfull\">\n<div class=\"gb-container gb-container-ea2481c8\">\n<div class=\"gb-grid-wrapper gb-grid-wrapper-a8c6b366\">\n<div class=\"gb-grid-column gb-grid-column-eca84e2c\"><div class=\"gb-container gb-container-eca84e2c\">\n\n<h1 class=\"gb-headline gb-headline-b8dab212 gb-headline-text ks-lg\">Leverage your full online potential with our digital marketing agency<\/h1>\n\n\n\n<p>To stand out online, your business needs a unique identity and consistent communication. Find out how our digital marketing agency can make it happen.<\/p>\n\n\n\n<a class=\"gb-button gb-button-912289b6 btn-entrevista\" href=\"https:\/\/koltsocial.xyz\/solicitar-entrevista\/\"><span class=\"gb-button-text\">Request an Interview<\/span><span class=\"gb-icon\"><svg aria-hidden=\"true\" role=\"img\" height=\"1em\" width=\"1em\" viewbox=\"0 0 256 512\" xmlns=\"http:\/\/www.w3.org\/2000\/svg\"><path fill=\"currentColor\" d=\"M224.3 273l-136 136c-9.4 9.4-24.6 9.4-33.9 0l-22.6-22.6c-9.4-9.4-9.4-24.6 0-33.9l96.4-96.4-96.4-96.4c-9.4-9.4-9.4-24.6 0-33.9L54.3 103c9.4-9.4 24.6-9.4 33.9 0l136 136c9.5 9.4 9.5 24.6.1 34z\"><\/path><\/svg><\/span><\/a>\n\n<\/div><\/div>\n\n<div class=\"gb-grid-column gb-grid-column-0d104e65\"><div class=\"gb-container gb-container-0d104e65\">\n\n<figure class=\"gb-block-image gb-block-image-91c379b2\"><img loading=\"lazy\" decoding=\"async\" width=\"800\" height=\"534\" class=\"gb-image gb-image-91c379b2\" src=\"https:\/\/koltsocial.xyz\/wp-content\/uploads\/2024\/08\/agencia-de-seo-kolt-social.jpg\" alt=\"\" title=\"agency-of-seo-kolt-social\" srcset=\"https:\/\/koltsocial.xyz\/wp-content\/uploads\/2024\/08\/agencia-de-seo-kolt-social.jpg 800w, https:\/\/koltsocial.xyz\/wp-content\/uploads\/2024\/08\/agencia-de-seo-kolt-social-300x200.jpg 300w, https:\/\/koltsocial.xyz\/wp-content\/uploads\/2024\/08\/agencia-de-seo-kolt-social-768x513.jpg 768w, https:\/\/koltsocial.xyz\/wp-content\/uploads\/2024\/08\/agencia-de-seo-kolt-social-18x12.jpg 18w\" sizes=\"auto, (max-width: 800px) 100vw, 800px\" \/><\/figure>\n\n<\/div><\/div>\n<\/div>\n<\/div>\n<\/div>\n\n<div class=\"gb-container gb-container-024f929f alignfull\">\n<div class=\"gb-container gb-container-7384f3e0\">\n<div class=\"gb-grid-wrapper gb-grid-wrapper-3fcb0109\">\n<div class=\"gb-grid-column gb-grid-column-23a930f7\"><div class=\"gb-container gb-container-23a930f7\"><\/div><\/div>\n\n<div class=\"gb-grid-column gb-grid-column-34ad07b0\"><div class=\"gb-container gb-container-34ad07b0\">\n\n<h2 class=\"gb-headline gb-headline-2b0c4007 gb-headline-text ks-lg\">Optimize your web presence and improve your digital marketing results<\/h2>\n\n\n\n<p>Are your current efforts not paying off? The solution is straightforward: <strong>build a strong web presence that leverages every digital marketing action<\/strong>.<\/p>\n\n\n\n<p>An isolated website, inactive social profiles or disconnected ads are not enough. The key is to integrate these tools into a cohesive strategy that makes <strong>highlight your brand, facilitate interaction with customers, and promote growth<\/strong> on the internet.<\/p>\n\n\n\n<p>As a digital marketing agency, we specialize in creating these <a href=\"https:\/\/koltsocial.xyz\/marketing-digital\/\" data-type=\"page\" data-id=\"197\">integrated strategies<\/a>.<\/p>\n\n<\/div><\/div>\n\n<div class=\"gb-grid-column gb-grid-column-e966fceb\"><div class=\"gb-container gb-container-e966fceb\"><\/div><\/div>\n<\/div>\n<\/div>\n<\/div>\n\n<div class=\"gb-container gb-container-1763d79e alignfull\">\n<div class=\"gb-container gb-container-def0b788\">\n<div class=\"gb-grid-wrapper gb-grid-wrapper-4cd67db7\">\n<div class=\"gb-grid-column gb-grid-column-98862820\"><div class=\"gb-container gb-container-98862820\"><\/div><\/div>\n\n<div class=\"gb-grid-column gb-grid-column-8583d3b4\"><div class=\"gb-container gb-container-8583d3b4\">\n\n<h3 class=\"gb-headline gb-headline-af205669 gb-headline-text ks-md\">5 key factors for an effective web presence implemented by our digital marketing agency<\/h3>\n\n\n<div class=\"gb-container gb-container-448701e8 gb-accordion\">\n<div class=\"gb-container gb-container-e56730d0 gb-accordion__item\" data-transition=\"slide\">\n\n<button class=\"gb-button gb-button-da57868f gb-accordion__toggle\"><span class=\"gb-button-text\"><strong>Functional and mobile optimized website<\/strong><\/span><span class=\"gb-icon\"><svg xmlns=\"http:\/\/www.w3.org\/2000\/svg\" viewbox=\"0 0 448 512\" width=\"1em\" height=\"1em\" ariahidden=\"true\" role=\"img\" class=\"gb-accordion__icon\"><path d=\"M207.029 381.476L12.686 187.132c-9.373-9.373-9.373-24.569 0-33.941l22.667-22.667c9.357-9.357 24.522-9.375 33.901-.04L224 284.505l154.745-154.021c9.379-9.335 24.544-9.317 33.901.04l22.667 22.667c9.373 9.373 9.373 24.569 0 33.941L240.971 381.476c-9.373 9.372-24.569 9.372-33.942 0z\" fill=\"currentColor\"><\/path><\/svg><svg xmlns=\"http:\/\/www.w3.org\/2000\/svg\" viewbox=\"0 0 448 512\" width=\"1em\" height=\"1em\" ariahidden=\"true\" role=\"img\" class=\"gb-accordion__icon-open\"><path d=\"M240.971 130.524l194.343 194.343c9.373 9.373 9.373 24.569 0 33.941l-22.667 22.667c-9.357 9.357-24.522 9.375-33.901.04L224 227.495 69.255 381.516c-9.379 9.335-24.544 9.317-33.901-.04l-22.667-22.667c-9.373-9.373-9.373-24.569 0-33.941L207.03 130.525c9.372-9.373 24.568-9.373 33.941-.001z\" fill=\"currentColor\"><\/path><\/svg><\/span><\/button>\n\n\n<div class=\"gb-accordion__content\"><div class=\"gb-container gb-container-8c1c01fe\">\n\n<p>Beyond aesthetics, it must be intuitive for your target audience.<\/p>\n\n<\/div><\/div>\n<\/div>\n\n<div class=\"gb-container gb-container-f6828907 gb-accordion__item\" data-transition=\"slide\">\n\n<button class=\"gb-button gb-button-c399063d gb-accordion__toggle\"><span class=\"gb-button-text\"><strong>Effective communication strategy<\/strong><\/span><span class=\"gb-icon\"><svg xmlns=\"http:\/\/www.w3.org\/2000\/svg\" viewbox=\"0 0 448 512\" width=\"1em\" height=\"1em\" ariahidden=\"true\" role=\"img\" class=\"gb-accordion__icon\"><path d=\"M207.029 381.476L12.686 187.132c-9.373-9.373-9.373-24.569 0-33.941l22.667-22.667c9.357-9.357 24.522-9.375 33.901-.04L224 284.505l154.745-154.021c9.379-9.335 24.544-9.317 33.901.04l22.667 22.667c9.373 9.373 9.373 24.569 0 33.941L240.971 381.476c-9.373 9.372-24.569 9.372-33.942 0z\" fill=\"currentColor\"><\/path><\/svg><svg xmlns=\"http:\/\/www.w3.org\/2000\/svg\" viewbox=\"0 0 448 512\" width=\"1em\" height=\"1em\" ariahidden=\"true\" role=\"img\" class=\"gb-accordion__icon-open\"><path d=\"M240.971 130.524l194.343 194.343c9.373 9.373 9.373 24.569 0 33.941l-22.667 22.667c-9.357 9.357-24.522 9.375-33.901.04L224 227.495 69.255 381.516c-9.379 9.335-24.544 9.317-33.901-.04l-22.667-22.667c-9.373-9.373-9.373-24.569 0-33.941L207.03 130.525c9.372-9.373 24.568-9.373 33.941-.001z\" fill=\"currentColor\"><\/path><\/svg><\/span><\/button>\n\n\n<div class=\"gb-accordion__content\"><div class=\"gb-container gb-container-f2e9c4c2\">\n\n<p>Address your audience's challenges with diverse and relevant content.<\/p>\n\n<\/div><\/div>\n<\/div>\n\n<div class=\"gb-container gb-container-b7cd7687 gb-accordion__item\" data-transition=\"slide\">\n\n<button class=\"gb-button gb-button-ed6746e6 gb-accordion__toggle\"><span class=\"gb-button-text\"><strong>Active profiles in social networks<\/strong><\/span><span class=\"gb-icon\"><svg xmlns=\"http:\/\/www.w3.org\/2000\/svg\" viewbox=\"0 0 448 512\" width=\"1em\" height=\"1em\" ariahidden=\"true\" role=\"img\" class=\"gb-accordion__icon\"><path d=\"M207.029 381.476L12.686 187.132c-9.373-9.373-9.373-24.569 0-33.941l22.667-22.667c9.357-9.357 24.522-9.375 33.901-.04L224 284.505l154.745-154.021c9.379-9.335 24.544-9.317 33.901.04l22.667 22.667c9.373 9.373 9.373 24.569 0 33.941L240.971 381.476c-9.373 9.372-24.569 9.372-33.942 0z\" fill=\"currentColor\"><\/path><\/svg><svg xmlns=\"http:\/\/www.w3.org\/2000\/svg\" viewbox=\"0 0 448 512\" width=\"1em\" height=\"1em\" ariahidden=\"true\" role=\"img\" class=\"gb-accordion__icon-open\"><path d=\"M240.971 130.524l194.343 194.343c9.373 9.373 9.373 24.569 0 33.941l-22.667 22.667c-9.357 9.357-24.522 9.375-33.901.04L224 227.495 69.255 381.516c-9.379 9.335-24.544 9.317-33.901-.04l-22.667-22.667c-9.373-9.373-9.373-24.569 0-33.941L207.03 130.525c9.372-9.373 24.568-9.373 33.941-.001z\" fill=\"currentColor\"><\/path><\/svg><\/span><\/button>\n\n\n<div class=\"gb-accordion__content\"><div class=\"gb-container gb-container-6f2ad479\">\n\n<p>Maintain a consistent presence on platforms relevant to your industry, building a loyal community.<\/p>\n\n<\/div><\/div>\n<\/div>\n\n<div class=\"gb-container gb-container-bc52acac gb-accordion__item\" data-transition=\"slide\">\n\n<button class=\"gb-button gb-button-9a9bcd7e gb-accordion__toggle\"><span class=\"gb-button-text\"><strong>Robust linkage structure<\/strong><\/span><span class=\"gb-icon\"><svg xmlns=\"http:\/\/www.w3.org\/2000\/svg\" viewbox=\"0 0 448 512\" width=\"1em\" height=\"1em\" ariahidden=\"true\" role=\"img\" class=\"gb-accordion__icon\"><path d=\"M207.029 381.476L12.686 187.132c-9.373-9.373-9.373-24.569 0-33.941l22.667-22.667c9.357-9.357 24.522-9.375 33.901-.04L224 284.505l154.745-154.021c9.379-9.335 24.544-9.317 33.901.04l22.667 22.667c9.373 9.373 9.373 24.569 0 33.941L240.971 381.476c-9.373 9.372-24.569 9.372-33.942 0z\" fill=\"currentColor\"><\/path><\/svg><svg xmlns=\"http:\/\/www.w3.org\/2000\/svg\" viewbox=\"0 0 448 512\" width=\"1em\" height=\"1em\" ariahidden=\"true\" role=\"img\" class=\"gb-accordion__icon-open\"><path d=\"M240.971 130.524l194.343 194.343c9.373 9.373 9.373 24.569 0 33.941l-22.667 22.667c-9.357 9.357-24.522 9.375-33.901.04L224 227.495 69.255 381.516c-9.379 9.335-24.544 9.317-33.901-.04l-22.667-22.667c-9.373-9.373-9.373-24.569 0-33.941L207.03 130.525c9.372-9.373 24.568-9.373 33.941-.001z\" fill=\"currentColor\"><\/path><\/svg><\/span><\/button>\n\n\n<div class=\"gb-accordion__content\"><div class=\"gb-container gb-container-f3c22874\">\n\n<p>Connect with influential sites in your industry.<\/p>\n\n<\/div><\/div>\n<\/div>\n\n<div class=\"gb-container gb-container-a3270b24 gb-accordion__item\" data-transition=\"slide\">\n\n<button class=\"gb-button gb-button-83110f5c gb-accordion__toggle\"><span class=\"gb-button-text\"><strong>Proactive online reputation management<\/strong><\/span><span class=\"gb-icon\"><svg xmlns=\"http:\/\/www.w3.org\/2000\/svg\" viewbox=\"0 0 448 512\" width=\"1em\" height=\"1em\" ariahidden=\"true\" role=\"img\" class=\"gb-accordion__icon\"><path d=\"M207.029 381.476L12.686 187.132c-9.373-9.373-9.373-24.569 0-33.941l22.667-22.667c9.357-9.357 24.522-9.375 33.901-.04L224 284.505l154.745-154.021c9.379-9.335 24.544-9.317 33.901.04l22.667 22.667c9.373 9.373 9.373 24.569 0 33.941L240.971 381.476c-9.373 9.372-24.569 9.372-33.942 0z\" fill=\"currentColor\"><\/path><\/svg><svg xmlns=\"http:\/\/www.w3.org\/2000\/svg\" viewbox=\"0 0 448 512\" width=\"1em\" height=\"1em\" ariahidden=\"true\" role=\"img\" class=\"gb-accordion__icon-open\"><path d=\"M240.971 130.524l194.343 194.343c9.373 9.373 9.373 24.569 0 33.941l-22.667 22.667c-9.357 9.357-24.522 9.375-33.901.04L224 227.495 69.255 381.516c-9.379 9.335-24.544 9.317-33.901-.04l-22.667-22.667c-9.373-9.373-9.373-24.569 0-33.941L207.03 130.525c9.372-9.373 24.568-9.373 33.941-.001z\" fill=\"currentColor\"><\/path><\/svg><\/span><\/button>\n\n\n<div class=\"gb-accordion__content\"><div class=\"gb-container gb-container-92e7df0f\">\n\n<p>Respond to comments on all platforms.<\/p>\n\n<\/div><\/div>\n<\/div>\n<\/div>\n<\/div><\/div>\n\n<div class=\"gb-grid-column gb-grid-column-a177c377\"><div class=\"gb-container gb-container-a177c377\"><\/div><\/div>\n<\/div>\n<\/div>\n\n<div class=\"gb-container gb-container-aab64780\">\n\n<h3 class=\"gb-headline gb-headline-3eab3250 gb-headline-text ks-md\">By implementing these factors, your business will achieve<\/h3>\n\n\n<div class=\"gb-grid-wrapper gb-grid-wrapper-5a8dde58\">\n<div class=\"gb-grid-column gb-grid-column-7367b8b5\"><div class=\"gb-container gb-container-7367b8b5\">\n\n<p class=\"gb-headline gb-headline-47c138f5 gb-headline-text\">Increased online authority and relevance, improving your search positioning.<\/p>\n\n<\/div><\/div>\n\n<div class=\"gb-grid-column gb-grid-column-0dbbac5d\"><div class=\"gb-container gb-container-0dbbac5d\">\n\n<p class=\"gb-headline gb-headline-bcd30be1 gb-headline-text\">Increased credibility of your brand, increasing conversion rates.<\/p>\n\n<\/div><\/div>\n\n<div class=\"gb-grid-column gb-grid-column-1a65e9d4\"><div class=\"gb-container gb-container-1a65e9d4\">\n\n<p class=\"gb-headline gb-headline-ce4cfda7 gb-headline-text\">Positioning as a leader in its sector.<\/p>\n\n<\/div><\/div>\n\n<div class=\"gb-grid-column gb-grid-column-1535389a\"><div class=\"gb-container gb-container-1535389a\">\n\n<p class=\"gb-headline gb-headline-d82601a0 gb-headline-text\">Extended reach, going beyond the limits of traditional methods.<\/p>\n\n<\/div><\/div>\n<\/div>\n<\/div>\n<\/div>\n\n<div class=\"gb-container gb-container-3661d480 alignfull\">\n<div class=\"gb-container gb-container-b262a989\">\n<div class=\"gb-grid-wrapper gb-grid-wrapper-94645b8f\">\n<div class=\"gb-grid-column gb-grid-column-db4a6438\"><div class=\"gb-container gb-container-db4a6438\"><\/div><\/div>\n\n<div class=\"gb-grid-column gb-grid-column-b7110a2f\"><div class=\"gb-container gb-container-b7110a2f\">\n\n<p class=\"gb-headline gb-headline-bc2a66b8 gb-headline-text ks-md\">Greater visibility, authority and online credibility make it easier for potential customers to find your company, trust it and take action.<\/p>\n\n<\/div><\/div>\n\n<div class=\"gb-grid-column gb-grid-column-3f7b5eb4\"><div class=\"gb-container gb-container-3f7b5eb4\"><\/div><\/div>\n<\/div>\n<\/div>\n<\/div>\n\n<div class=\"gb-container gb-container-574a540c\">\n<div class=\"gb-container gb-container-1a47ada5\">\n<div class=\"gb-container gb-container-87216ebf\">\n\n<h2 class=\"gb-headline gb-headline-c7a609c8 gb-headline-text ks-lg\">Maximizing your business' web presence with our digital marketing agency<\/h2>\n\n\n\n<p>We focus on two critical areas:<\/p>\n\n\n\n<ul class=\"wp-block-list\">\n<li>Increase profitable traffic to your website.<\/li>\n\n\n\n<li>Optimize the conversion of visitors into customers.<\/li>\n<\/ul>\n\n\n\n<h3 class=\"gb-headline gb-headline-4f668475 gb-headline-text ks-md\">Our plans as a digital marketing agency<\/h3>\n\n\n\n<p>Our services are grouped in plans to adapt them to your company.<\/p>\n\n<\/div>\n\n<div class=\"gb-grid-wrapper gb-grid-wrapper-ab3d8931\">\n<div class=\"gb-grid-column gb-grid-column-2fa90519\"><div class=\"gb-container gb-container-2fa90519\">\n\n<h4 class=\"gb-headline gb-headline-dee4c22a gb-headline-text ks-md\">Consulting<\/h4>\n\n\n\n<p>For companies with in-house equipment.<\/p>\n\n\n\n<ul class=\"wp-block-list sin-margen\">\n<li>Initial audit.<\/li>\n\n\n\n<li>Development or refinement of the digital strategy.<\/li>\n\n\n\n<li>Support for strategy implementation.<\/li>\n\n\n\n<li>Follow-up of actions.<\/li>\n\n\n\n<li>Monthly strategic consulting meetings.<\/li>\n<\/ul>\n\n<\/div><\/div>\n\n<div class=\"gb-grid-column gb-grid-column-2602309d\"><div class=\"gb-container gb-container-2602309d\">\n\n<h4 class=\"gb-headline gb-headline-1b34e8dd gb-headline-text ks-md\">Simple Management<\/h4>\n\n\n\n<p>For companies seeking to delegate specific tasks.<\/p>\n\n\n\n<p class=\"ks-sm\">Everything included in Consulting, plus:<\/p>\n\n\n\n<ul class=\"wp-block-list sin-margen\">\n<li>Integrated content marketing (SEO, blog, social networks)<\/li>\n\n\n\n<li>Link building strategy<\/li>\n\n\n\n<li>Bimonthly analytical reports<\/li>\n<\/ul>\n\n<\/div><\/div>\n\n<div class=\"gb-grid-column gb-grid-column-f12f857f\"><div class=\"gb-container gb-container-f12f857f\">\n\n<h4 class=\"gb-headline gb-headline-d03edaa1 gb-headline-text ks-md\">Complete Management<\/h4>\n\n\n\n<p>We become your external digital department:<\/p>\n\n\n\n<p class=\"ks-sm\">Everything included in Simple Management, plus:<\/p>\n\n\n\n<ul class=\"wp-block-list sin-margen\">\n<li>Website or ecommerce creation, optimization and management<\/li>\n\n\n\n<li>Online advertising campaign management<\/li>\n\n\n\n<li>Extended support<\/li>\n<\/ul>\n\n<\/div><\/div>\n<\/div>\n\n\n<p class=\"gb-headline gb-headline-e7c74de6 gb-headline-text\">Have something different in mind? Get in touch and we will evaluate a customized solution.<\/p>\n\n<\/div>\n<\/div>\n\n<div class=\"gb-container gb-container-29ff1fb6 alignfull\">\n<div class=\"gb-container gb-container-6e546365\">\n<div class=\"gb-grid-wrapper gb-grid-wrapper-e15fe3b3\">\n<div class=\"gb-grid-column gb-grid-column-18102e0f\"><div class=\"gb-container gb-container-18102e0f\"><\/div><\/div>\n\n<div class=\"gb-grid-column gb-grid-column-599f67b5\"><div class=\"gb-container gb-container-599f67b5\">\n\n<h2 class=\"gb-headline gb-headline-037c8a37 gb-headline-text ks-lg\">Optimizing your digital marketing investment is easy with the right digital marketing agency.<\/h2>\n\n\n\n<p>Find out how our digital marketing agency can help you achieve your online business goals.<\/p>\n\n\n\n<a class=\"gb-button gb-button-912289b6 btn-entrevista\" href=\"https:\/\/koltsocial.xyz\/solicitar-entrevista\/\"><span class=\"gb-button-text\">Request an Interview<\/span><span class=\"gb-icon\"><svg aria-hidden=\"true\" role=\"img\" height=\"1em\" width=\"1em\" viewbox=\"0 0 256 512\" xmlns=\"http:\/\/www.w3.org\/2000\/svg\"><path fill=\"currentColor\" d=\"M224.3 273l-136 136c-9.4 9.4-24.6 9.4-33.9 0l-22.6-22.6c-9.4-9.4-9.4-24.6 0-33.9l96.4-96.4-96.4-96.4c-9.4-9.4-9.4-24.6 0-33.9L54.3 103c9.4-9.4 24.6-9.4 33.9 0l136 136c9.5 9.4 9.5 24.6.1 34z\"><\/path><\/svg><\/span><\/a>\n\n<\/div><\/div>\n\n<div class=\"gb-grid-column gb-grid-column-922a8a2d\"><div class=\"gb-container gb-container-922a8a2d\"><\/div><\/div>\n<\/div>\n<\/div>\n<\/div>","protected":false},"excerpt":{"rendered":"<p>Al implementar estos factores, su negocio lograr\u00e1 Maximizando la presencia web de su negocio con nuestra agencia de marketing digital Nos enfocamos en dos \u00e1reas cr\u00edticas: Nuestros planes como agencia de marketing digital Nuestros servicios se agrupan en planes para adaptarlos a su empresa. \u00bfTiene algo distinto en mente? P\u00f3ngase en contacto y evaluaremos una soluci\u00f3n a medida.<\/p>","protected":false},"author":1,"featured_media":0,"parent":0,"menu_order":11,"comment_status":"closed","ping_status":"closed","template":"","meta":{"footnotes":""},"class_list":{"0":"post-1589","1":"page","2":"type-page","3":"status-publish","5":"infinite-scroll-item"},"_links":{"self":[{"href":"https:\/\/koltsocial.xyz\/en\/wp-json\/wp\/v2\/pages\/1589","targetHints":{"allow":["GET"]}}],"collection":[{"href":"https:\/\/koltsocial.xyz\/en\/wp-json\/wp\/v2\/pages"}],"about":[{"href":"https:\/\/koltsocial.xyz\/en\/wp-json\/wp\/v2\/types\/page"}],"author":[{"embeddable":true,"href":"https:\/\/koltsocial.xyz\/en\/wp-json\/wp\/v2\/users\/1"}],"replies":[{"embeddable":true,"href":"https:\/\/koltsocial.xyz\/en\/wp-json\/wp\/v2\/comments?post=1589"}],"version-history":[{"count":2,"href":"https:\/\/koltsocial.xyz\/en\/wp-json\/wp\/v2\/pages\/1589\/revisions"}],"predecessor-version":[{"id":1740,"href":"https:\/\/koltsocial.xyz\/en\/wp-json\/wp\/v2\/pages\/1589\/revisions\/1740"}],"wp:attachment":[{"href":"https:\/\/koltsocial.xyz\/en\/wp-json\/wp\/v2\/media?parent=1589"}],"curies":[{"name":"wp","href":"https:\/\/api.w.org\/{rel}","templated":true}]}}