{"id":715,"date":"2024-05-12T16:33:30","date_gmt":"2024-05-12T19:33:30","guid":{"rendered":"https:\/\/koltsocial.xyz\/?page_id=715"},"modified":"2025-03-27T23:38:16","modified_gmt":"2025-03-28T02:38:16","slug":"agencia-de-seo","status":"publish","type":"page","link":"https:\/\/koltsocial.xyz\/en\/agencia-de-seo\/","title":{"rendered":"SEO Agency"},"content":{"rendered":"<div class=\"gb-container gb-container-97728d74 alignfull\">\n<div class=\"gb-container gb-container-3eaf3658\">\n\n<h1 class=\"gb-headline gb-headline-ab798431 gb-headline-text ks-md\">SEO Agency<\/h1>\n\n\n\n<h2 class=\"gb-headline gb-headline-4b29f07e gb-headline-text ks-xxl\">Achieve the <mark style=\"background-color:rgba(0, 0, 0, 0)\" class=\"has-inline-color has-global-color-12-color\">maximum return<\/mark> of investment for your web presence<\/h2>\n\n<\/div>\n<\/div>\n\n<div class=\"gb-container gb-container-1f0bd847 alignfull\">\n<div class=\"gb-container gb-container-aa37c75c\">\n<div class=\"gb-grid-wrapper gb-grid-wrapper-381026fe\">\n<div class=\"gb-grid-column gb-grid-column-4a9b8902\"><div class=\"gb-container gb-container-4a9b8902\">\n\n<p class=\"gb-headline gb-headline-0b263177 gb-headline-text ks-lg\"><mark style=\"background-color:rgba(0, 0, 0, 0)\" class=\"has-inline-color has-global-color-11-color\">We optimize your website<\/mark> to attract your target audience, ensuring that they take the desired actions.<\/p>\n\n<\/div><\/div>\n\n<div class=\"gb-grid-column gb-grid-column-98fb9bcf\"><div class=\"gb-container gb-container-98fb9bcf\">\n\n<p><\/p>\n\n\n\n<figure class=\"gb-block-image gb-block-image-d0104185\"><img loading=\"lazy\" decoding=\"async\" width=\"800\" height=\"534\" class=\"gb-image gb-image-d0104185\" src=\"https:\/\/koltsocial.xyz\/wp-content\/uploads\/2024\/08\/agencia-de-seo-kolt-social.jpg\" alt=\"Agencia de SEO - KOLT Social\" title=\"agency-of-seo-kolt-social\" srcset=\"https:\/\/koltsocial.xyz\/wp-content\/uploads\/2024\/08\/agencia-de-seo-kolt-social.jpg 800w, https:\/\/koltsocial.xyz\/wp-content\/uploads\/2024\/08\/agencia-de-seo-kolt-social-300x200.jpg 300w, https:\/\/koltsocial.xyz\/wp-content\/uploads\/2024\/08\/agencia-de-seo-kolt-social-768x513.jpg 768w, https:\/\/koltsocial.xyz\/wp-content\/uploads\/2024\/08\/agencia-de-seo-kolt-social-18x12.jpg 18w\" sizes=\"auto, (max-width: 800px) 100vw, 800px\" \/><\/figure>\n\n<\/div><\/div>\n<\/div>\n<\/div>\n<\/div>\n\n<div class=\"gb-container gb-container-fa79e548 alignfull\">\n<div class=\"gb-container gb-container-e9e58ed3\">\n<div class=\"gb-grid-wrapper gb-grid-wrapper-3d6335b9\">\n<div class=\"gb-grid-column gb-grid-column-2850a113\"><div class=\"gb-container gb-container-2850a113\"><\/div><\/div>\n\n<div class=\"gb-grid-column gb-grid-column-983a056e\"><div class=\"gb-container gb-container-983a056e\">\n\n<h2 class=\"gb-headline gb-headline-db1bb0bb gb-headline-text ks-base\">SEO AGENCY SERVICES<\/h2>\n\n\n\n<h3 class=\"gb-headline gb-headline-303abb51 gb-headline-text ks-lg\">A comprehensive and cohesive approach to position your web presence for the long term<\/h3>\n\n\n\n<p class=\"gb-headline gb-headline-89784bf3 gb-headline-text ks-md\">We develop strategies to improve your company's visibility on the internet and attract qualified organic traffic, <mark style=\"background-color:rgba(0, 0, 0, 0)\" class=\"has-inline-color has-global-color-12-color\">thus increasing your web presence in an effective and sustainable way<\/mark>.<\/p>\n\n\n\n<p class=\"has-global-color-13-color has-text-color has-link-color wp-elements-d4d5a6b8d47b149d4c2eb6d25c2f0fe6\">At our SEO Agency, strategies encompass both on-page and off-page optimization. This includes optimizing the content and structure of your website, and creating a solid link building strategy. By improving these aspects, we not only increase your visibility in search engines, but also provide a better experience for your visitors, which can increase conversion rates, one of the main goals of digital marketing.<\/p>\n\n<\/div><\/div>\n\n<div class=\"gb-grid-column gb-grid-column-9a3f432d\"><div class=\"gb-container gb-container-9a3f432d\"><\/div><\/div>\n<\/div>\n<\/div>\n<\/div>\n\n<div class=\"gb-container gb-container-b6170b86 alignfull\">\n<div class=\"gb-container gb-container-0d1c9e47\">\n\n<h2 class=\"gb-headline gb-headline-e4f02cd8 gb-headline-text\">SEO as a business strategy<\/h2>\n\n\n\n<p class=\"ks-md has-global-color-13-color has-text-color has-link-color wp-elements-2a80876b58fe3aeec46655cfd5e9c021\">We have the experience, know-how and equipment to improve positioning and <mark style=\"background-color:rgba(0, 0, 0, 0)\" class=\"has-inline-color has-global-color-10-color\">increase qualified organic traffic<\/mark> in any project.<\/p>\n\n\n\n<p class=\"ks-md\">As an SEO agency, our service is not just a digital campaign, it is part of an SEO optimization process. <a href=\"https:\/\/koltsocial.xyz\/consultoria-de-marketing-digital\/\" data-type=\"page\" data-id=\"197\">digital marketing<\/a> integral.<\/p>\n\n\n\n<p>We study your business, apply our expertise and create customized strategies to maximize your SEO investment. Our work as an SEO Agency includes:<\/p>\n\n\n<div class=\"gb-grid-wrapper gb-grid-wrapper-829008e6\">\n<div class=\"gb-grid-column gb-grid-column-53283f1e\"><div class=\"gb-container gb-container-53283f1e\">\n\n<p class=\"ks-md\"><strong>Initial Analysis<\/strong><\/p>\n\n\n\n<ul class=\"wp-block-list sin-margen\">\n<li class=\"sin-margen\" style=\"font-size:16px\">Keyword research<\/li>\n\n\n\n<li style=\"font-size:16px\">Architecture optimization<\/li>\n\n\n\n<li style=\"font-size:16px\">Technical audit<\/li>\n\n\n\n<li style=\"font-size:16px\">Strategy<\/li>\n\n\n\n<li style=\"font-size:16px\">Consulting<\/li>\n<\/ul>\n\n<\/div><\/div>\n\n<div class=\"gb-grid-column gb-grid-column-04c800c3\"><div class=\"gb-container gb-container-04c800c3\">\n\n<p class=\"ks-md\"><strong>On-Page SEO<\/strong><\/p>\n\n\n\n<ul class=\"wp-block-list sin-margen\">\n<li style=\"font-size:16px\">Content optimization<\/li>\n\n\n\n<li style=\"font-size:16px\">Interconnection of links<\/li>\n\n\n\n<li style=\"font-size:16px\">Indexing<\/li>\n\n\n\n<li style=\"font-size:16px\">Content creation<\/li>\n\n\n\n<li style=\"font-size:16px\">Web Performance Optimization (WPO)<\/li>\n<\/ul>\n\n<\/div><\/div>\n\n<div class=\"gb-grid-column gb-grid-column-570e2c61\"><div class=\"gb-container gb-container-570e2c61\">\n\n<p class=\"ks-md\"><strong>Off-Page SEO<\/strong><\/p>\n\n\n\n<ul class=\"wp-block-list sin-margen\">\n<li style=\"font-size:16px\">Backlink audit<\/li>\n\n\n\n<li style=\"font-size:16px\">Link building<\/li>\n\n\n\n<li style=\"font-size:16px\">Online reputation strategies<\/li>\n<\/ul>\n\n<\/div><\/div>\n\n<div class=\"gb-grid-column gb-grid-column-9a72a430\"><div class=\"gb-container gb-container-9a72a430\">\n\n<p class=\"ks-md\"><strong>Specialization<\/strong><\/p>\n\n\n\n<ul class=\"wp-block-list sin-margen\">\n<li style=\"font-size:16px\">International SEO<\/li>\n\n\n\n<li style=\"font-size:16px\">Local SEO<\/li>\n\n\n\n<li style=\"font-size:16px\">SEO for Ecommerce<\/li>\n\n\n\n<li style=\"font-size:16px\">SEO for B2B<\/li>\n\n\n\n<li style=\"font-size:16px\">SEO for Services<\/li>\n<\/ul>\n\n<\/div><\/div>\n<\/div>\n\n\n<h2 class=\"gb-headline gb-headline-60ab0187 gb-headline-text\">SEO to improve the visibility of your website<\/h2>\n\n\n\n<p class=\"ks-md has-global-color-13-color has-text-color has-link-color wp-elements-31db57552364c33b594df44328dbb73e\">Our goal as an SEO Agency is to optimize the content, site structure and other factors so that the search engine considers it relevant and <mark style=\"background-color:rgba(0, 0, 0, 0)\" class=\"has-inline-color has-global-color-10-color\">show it in the first results<\/mark>.<\/p>\n\n\n\n<p>SEO refers to the strategies and techniques used to improve the visibility of a website in organic search results. In other words, it seeks to position a page in the SERP for free and for a long period of time.<sup>(1)<\/sup>.<\/p>\n\n\n\n<p><sup>(1)<\/sup> SERPs are the results pages displayed by a search engine when a search is performed. These pages contain both organic results (obtained through SEO) and paid results (ads). Analyzing SERPs is essential to understand how your content is displayed and if it is being useful to users.<\/p>\n\n\n\n<p class=\"gb-headline gb-headline-27d32402\"><span class=\"gb-icon\"><svg aria-hidden=\"true\" role=\"img\" height=\"1em\" width=\"1em\" viewbox=\"0 0 576 512\" xmlns=\"http:\/\/www.w3.org\/2000\/svg\"><path fill=\"currentColor\" d=\"M259.3 17.8L194 150.2 47.9 171.5c-26.2 3.8-36.7 36.1-17.7 54.6l105.7 103-25 145.5c-4.5 26.3 23.2 46 46.4 33.7L288 439.6l130.7 68.7c23.2 12.2 50.9-7.4 46.4-33.7l-25-145.5 105.7-103c19-18.5 8.5-50.8-17.7-54.6L382 150.2 316.7 17.8c-11.7-23.6-45.6-23.9-57.4 0z\"><\/path><\/svg><\/span><span class=\"gb-headline-text\">SEO and online advertising are not the same, but they both serve the same purpose. Therefore, it is important that they work together within a unified marketing and communication strategy.<\/span><\/p>\n\n\n\n<h2 class=\"gb-headline gb-headline-8207111c gb-headline-text\">SEO to reach your right audience<\/h2>\n\n\n\n<p class=\"gb-headline gb-headline-28efba9f gb-headline-text ks-md\">Increasing visits to your website is easy, but the important thing is to <mark style=\"background-color:rgba(0, 0, 0, 0)\" class=\"has-inline-color has-global-color-10-color\">attract qualified traffic<\/mark> that contributes to the growth of your business (i.e. increased leads and sales).<\/p>\n\n\n\n<p class=\"gb-headline gb-headline-29f9b7da\"><span class=\"gb-icon\"><svg aria-hidden=\"true\" role=\"img\" height=\"1em\" width=\"1em\" viewbox=\"0 0 512 512\" xmlns=\"http:\/\/www.w3.org\/2000\/svg\"><path fill=\"currentColor\" d=\"M256 8C119.033 8 8 119.033 8 256s111.033 248 248 248 248-111.033 248-248S392.967 8 256 8zm80 248c0 44.112-35.888 80-80 80s-80-35.888-80-80 35.888-80 80-80 80 35.888 80 80z\"><\/path><\/svg><\/span><span class=\"gb-headline-text\">We analyze the customer's search intent along the customer journey.<\/span><\/p>\n\n\n\n<p class=\"gb-headline gb-headline-f1f1dd6d\"><span class=\"gb-icon\"><svg aria-hidden=\"true\" role=\"img\" height=\"1em\" width=\"1em\" viewbox=\"0 0 512 512\" xmlns=\"http:\/\/www.w3.org\/2000\/svg\"><path fill=\"currentColor\" d=\"M256 8C119.033 8 8 119.033 8 256s111.033 248 248 248 248-111.033 248-248S392.967 8 256 8zm80 248c0 44.112-35.888 80-80 80s-80-35.888-80-80 35.888-80 80-80 80 35.888 80 80z\"><\/path><\/svg><\/span><span class=\"gb-headline-text\">We develop an optimal SEO architecture to reach your audience.<\/span><\/p>\n\n\n\n<p class=\"gb-headline gb-headline-dcb34aad\"><span class=\"gb-icon\"><svg aria-hidden=\"true\" role=\"img\" height=\"1em\" width=\"1em\" viewbox=\"0 0 512 512\" xmlns=\"http:\/\/www.w3.org\/2000\/svg\"><path fill=\"currentColor\" d=\"M256 8C119.033 8 8 119.033 8 256s111.033 248 248 248 248-111.033 248-248S392.967 8 256 8zm80 248c0 44.112-35.888 80-80 80s-80-35.888-80-80 35.888-80 80-80 80 35.888 80 80z\"><\/path><\/svg><\/span><span class=\"gb-headline-text\">We attract quality traffic so that your potential customers reach your website.<\/span><\/p>\n\n\n\n<h2 class=\"gb-headline gb-headline-46d16f92 gb-headline-text\">Understanding data to make decisions<\/h2>\n\n\n\n<p class=\"ks-md has-global-color-13-color has-text-color has-link-color wp-elements-1e8550558fcc09f9be575feb6a8c98ff\">We focus on thoroughly analyzing the data in order to take <mark style=\"background-color:rgba(0, 0, 0, 0)\" class=\"has-inline-color has-global-color-10-color\">information-based decisions<\/mark> concrete.<\/p>\n\n\n\n<p>Our job is to know, measure and improve the most important KPIs of our clients to obtain significant results: more qualified traffic, more leads and more sales. Why is digital optimization important? Take a look at the&nbsp;<a href=\"https:\/\/cace.org.ar\/estadisticas\/\" target=\"_blank\" rel=\"noreferrer noopener\">statistics<\/a>.<\/p>\n\n<\/div>\n<\/div>\n\n<div class=\"gb-container gb-container-44f0c7af alignfull\">\n<div class=\"gb-container gb-container-1aa6769b\">\n<div class=\"gb-grid-wrapper gb-grid-wrapper-a2924328\">\n<div class=\"gb-grid-column gb-grid-column-e051cfa6\"><div class=\"gb-container gb-container-e051cfa6\"><\/div><\/div>\n\n<div class=\"gb-grid-column gb-grid-column-1ba6ab62\"><div class=\"gb-container gb-container-1ba6ab62\">\n\n<h2 class=\"gb-headline gb-headline-d64337bc gb-headline-text ks-xl\">How will SEO benefit your website?<\/h2>\n\n\n\n<p class=\"gb-headline gb-headline-3297c9ee gb-headline-text ks-subtitle2\">Our SEO Agency service will help you rank for more keywords, attract qualified traffic and increase your sales. Our experience allows us to find effective solutions for any of your business needs.<\/p>\n\n\n\n<a class=\"gb-button gb-button-912289b6 btn-entrevista\" href=\"https:\/\/koltsocial.xyz\/solicitar-entrevista\/\"><span class=\"gb-button-text\">Request an Interview<\/span><span class=\"gb-icon\"><svg aria-hidden=\"true\" role=\"img\" height=\"1em\" width=\"1em\" viewbox=\"0 0 256 512\" xmlns=\"http:\/\/www.w3.org\/2000\/svg\"><path fill=\"currentColor\" d=\"M224.3 273l-136 136c-9.4 9.4-24.6 9.4-33.9 0l-22.6-22.6c-9.4-9.4-9.4-24.6 0-33.9l96.4-96.4-96.4-96.4c-9.4-9.4-9.4-24.6 0-33.9L54.3 103c9.4-9.4 24.6-9.4 33.9 0l136 136c9.5 9.4 9.5 24.6.1 34z\"><\/path><\/svg><\/span><\/a>\n\n<\/div><\/div>\n\n<div class=\"gb-grid-column gb-grid-column-298d9b6d\"><div class=\"gb-container gb-container-298d9b6d\"><\/div><\/div>\n<\/div>\n<\/div>\n<\/div>\n\n<div class=\"gb-container gb-container-079f8678\">\n<div class=\"gb-container gb-container-f5d123bc\">\n<div class=\"gb-grid-wrapper gb-grid-wrapper-94ca5859\">\n<div class=\"gb-grid-column gb-grid-column-7daca042\"><div class=\"gb-container gb-container-7daca042\"><\/div><\/div>\n\n<div class=\"gb-grid-column gb-grid-column-ed2bbd69\"><div class=\"gb-container gb-container-ed2bbd69\">\n\n<h3 class=\"gb-headline gb-headline-71b67ff3 gb-headline-text ks-lg\">Common questions<\/h3>\n\n\n\n<p>Our goal is to provide you with valuable information to help you make informed decisions. Below, we answer the most frequently asked questions that our visitors often have.<\/p>\n\n\n<div id=\"rank-math-faq\" class=\"rank-math-block\">\n<div class=\"rank-math-list\">\n<div id=\"faq-question-1715540656137\" class=\"rank-math-list-item\">\n<p class=\"rank-math-question ks-md\">Why is SEO important?<\/p>\n<div class=\"rank-math-answer\">\n\n<p>SEO stands out in the world of digital marketing by providing a constant flow of traffic, generating leads and sales in a sustained manner without relying exclusively on paid advertising campaigns.<\/p>\n\n<\/div>\n<\/div>\n<div id=\"faq-question-1715540909578\" class=\"rank-math-list-item\">\n<p class=\"rank-math-question ks-md\">Why hire an SEO agency?<\/p>\n<div class=\"rank-math-answer\">\n\n<p>Delegating SEO to experts allows for faster results by focusing on priority actions at each stage, thus optimizing the performance of the strategies.<\/p>\n\n<\/div>\n<\/div>\n<div id=\"faq-question-1715540933154\" class=\"rank-math-list-item\">\n<p class=\"rank-math-question ks-md\">How to choose the best SEO agency?<\/p>\n<div class=\"rank-math-answer\">\n\n<p>The true quality of an agency lies not only in the tools it uses, but in its approach to communication, marketing and advertising. This guarantees effective communication, a solid image in the market and adequate penetration strategies to capture the attention of your audience.<\/p>\n\n<\/div>\n<\/div>\n<div id=\"faq-question-1715540952503\" class=\"rank-math-list-item\">\n<p class=\"rank-math-question ks-md\">What value will I get from hiring SEO services?<\/p>\n<div class=\"rank-math-answer\">\n\n<p>Our SEO Agency services have a direct impact on your company's profitability, reflected in a tangible increase in revenue and not only in increased online visibility.<\/p>\n\n<\/div>\n<\/div>\n<div id=\"faq-question-1715540976022\" class=\"rank-math-list-item\">\n<p class=\"rank-math-question ks-md\">How long does it take to see results in SEO?<\/p>\n<div class=\"rank-math-answer\">\n\n<p>Timeframes vary by industry and competition, but generally, tangible results begin to be evident between 6 and 12 months of strategy implementation.<\/p>\n\n<\/div>\n<\/div>\n<\/div>\n<\/div>\n<\/div><\/div>\n\n<div class=\"gb-grid-column gb-grid-column-d018275b\"><div class=\"gb-container gb-container-d018275b\"><\/div><\/div>\n<\/div>\n<\/div>\n<\/div>","protected":false},"excerpt":{"rendered":"<p>Agencia de SEO Logre el m\u00e1ximo retorno de inversi\u00f3n para su presencia web SEO como estrategia de negocio Contamos con la experiencia, conocimiento y equipo para mejorar el posicionamiento y aumentar el tr\u00e1fico org\u00e1nico calificado en cualquier proyecto. Como agencia de SEO, nuestro servicio no es solo una campa\u00f1a digital, es parte de un proceso de optimizaci\u00f3n de marketing digital integral. Estudiamos su negocio, aplicamos nuestra experiencia y creamos estrategias personalizadas para maximizar su inversi\u00f3n en SEO. Nuestro trabajo como Agencia de SEO incluye: SEO para mejorar la visibilidad de su sitio web Nuestro objetivo como Agencia de SEO es optimizar el contenido, la estructura del sitio y otros factores para que el buscador lo considere relevante y lo muestre en los primeros resultados. El SEO se refiere a las estrategias y t\u00e9cnicas utilizadas para mejorar la visibilidad de un sitio web en los resultados de b\u00fasqueda org\u00e1nicos. Es decir, busca posicionar una p\u00e1gina de manera gratuita y duradera en<\/p>","protected":false},"author":1,"featured_media":0,"parent":0,"menu_order":10,"comment_status":"closed","ping_status":"closed","template":"","meta":{"footnotes":""},"class_list":{"0":"post-715","1":"page","2":"type-page","3":"status-publish","5":"infinite-scroll-item"},"_links":{"self":[{"href":"https:\/\/koltsocial.xyz\/en\/wp-json\/wp\/v2\/pages\/715","targetHints":{"allow":["GET"]}}],"collection":[{"href":"https:\/\/koltsocial.xyz\/en\/wp-json\/wp\/v2\/pages"}],"about":[{"href":"https:\/\/koltsocial.xyz\/en\/wp-json\/wp\/v2\/types\/page"}],"author":[{"embeddable":true,"href":"https:\/\/koltsocial.xyz\/en\/wp-json\/wp\/v2\/users\/1"}],"replies":[{"embeddable":true,"href":"https:\/\/koltsocial.xyz\/en\/wp-json\/wp\/v2\/comments?post=715"}],"version-history":[{"count":5,"href":"https:\/\/koltsocial.xyz\/en\/wp-json\/wp\/v2\/pages\/715\/revisions"}],"predecessor-version":[{"id":2161,"href":"https:\/\/koltsocial.xyz\/en\/wp-json\/wp\/v2\/pages\/715\/revisions\/2161"}],"wp:attachment":[{"href":"https:\/\/koltsocial.xyz\/en\/wp-json\/wp\/v2\/media?parent=715"}],"curies":[{"name":"wp","href":"https:\/\/api.w.org\/{rel}","templated":true}]}}